{"id":27,"date":"2022-02-27T17:40:25","date_gmt":"2022-02-27T16:40:25","guid":{"rendered":"http:\/\/csmalagasy.org\/?page_id=27"},"modified":"2025-04-14T23:39:41","modified_gmt":"2025-04-14T21:39:41","slug":"inscriptions-basketball","status":"publish","type":"page","link":"https:\/\/csmalagasy.org\/index.php\/tournoi-csm-2023\/inscriptions-basketball\/","title":{"rendered":"Inscriptions Basketball"},"content":{"rendered":"<p class=\"has-medium-font-size\"><strong>TOURNOI C.S.M. \u00e9dition 2025 \u00e0 Orl\u00e9ans (Centre Val de Loire) les 07 et 08 Juin 2025<\/strong><\/p><p>Pour vous inscrire, il faut commander :<\/p><ul class=\"wp-block-list\"><li>Un <em>\u201cpack inscription \u00e9quipe<\/em>\u201d correspondant \u00e0 votre discipline. A &#8220;ajouter au panier&#8221;.<\/li>\n\n<li> <em>Ajouter des licences suppl\u00e9mentaires <\/em>pour compl\u00e9ter le pack de base de 5 joueurs. A &#8220;ajouter au panier&#8221;.<\/li>\n\n<li>Aller dans le panier, v\u00e9rifier son contenu puis valider.<\/li>\n\n<li>Effectuer le paiement uniquement par Carte Bancaire via Paypal.<br><br><mark style=\"background-color:rgba(0, 0, 0, 0)\" class=\"has-inline-color has-vivid-red-color\"><strong>NE PAS OUBLIER de t\u00e9l\u00e9charger le dossier d\u2019inscription \u00e0 la fin de la transaction.<\/strong><\/mark><br> <br>Vous avez jusqu\u2019au 26 Mai 2025 pour modifier\/finaliser votre inscription.<br><br>Les dossiers d&#8217;inscriptions compl\u00e9t\u00e9s doivent nous \u00eatre renvoy\u00e9s au plus tard \u00e0 cette date.<\/li><\/ul><p>Cat\u00e9gorie Basket-Ball<\/p><div data-block-name=\"woocommerce\/product-category\" data-categories=\"[19]\" class=\"wc-block-grid wp-block-product-category wc-block-product-category has-3-columns has-multiple-rows\"><ul class=\"wc-block-grid__products\"><li class=\"wc-block-grid__product\">\n\t\t\t\t<a href=\"https:\/\/csmalagasy.org\/index.php\/produit\/t2d-inscription-equipe-basket-fille\/\" class=\"wc-block-grid__product-link\">\n\t\t\t\t\t\n\t\t\t\t\t<div class=\"wc-block-grid__product-image\"><img loading=\"lazy\" decoding=\"async\" width=\"300\" height=\"300\" src=\"https:\/\/csmalagasy.org\/wp-content\/uploads\/2022\/02\/basket_f_ekip-300x300.jpeg\" class=\"attachment-woocommerce_thumbnail size-woocommerce_thumbnail\" alt=\"T2D - Inscription Equipe Basket F\u00e9minin\" srcset=\"https:\/\/csmalagasy.org\/wp-content\/uploads\/2022\/02\/basket_f_ekip-300x300.jpeg 300w, https:\/\/csmalagasy.org\/wp-content\/uploads\/2022\/02\/basket_f_ekip-100x100.jpeg 100w, https:\/\/csmalagasy.org\/wp-content\/uploads\/2022\/02\/basket_f_ekip-150x150.jpeg 150w, https:\/\/csmalagasy.org\/wp-content\/uploads\/2022\/02\/basket_f_ekip.jpeg 500w\" sizes=\"auto, (max-width: 300px) 100vw, 300px\" \/><\/div>\n\t\t\t\t\t<div class=\"wc-block-grid__product-title\">T2D &#8211; Inscription Equipe Basket F\u00e9minin<\/div>\n\t\t\t\t<\/a>\n\t\t\t\t<div class=\"wc-block-grid__product-price price\"><span class=\"woocommerce-Price-amount amount\">50,00&nbsp;<span class=\"woocommerce-Price-currencySymbol\">&euro;<\/span><\/span><\/div>\n\t\t\t\t\n\t\t\t\t<div class=\"wp-block-button wc-block-grid__product-add-to-cart\"><a href=\"?add-to-cart=24\" aria-label=\"Add to cart: &ldquo;T2D - Inscription Equipe Basket F\u00e9minin&rdquo;\" data-quantity=\"1\" data-product_id=\"24\" data-product_sku=\"\" data-price=\"50\" rel=\"nofollow\" class=\"wp-block-button__link  add_to_cart_button ajax_add_to_cart\">Add to cart<\/a><\/div>\n\t\t\t<\/li><li class=\"wc-block-grid__product\">\n\t\t\t\t<a href=\"https:\/\/csmalagasy.org\/index.php\/produit\/t2d-inscription-equipe-basket-masculin\/\" class=\"wc-block-grid__product-link\">\n\t\t\t\t\t\n\t\t\t\t\t<div class=\"wc-block-grid__product-image\"><img loading=\"lazy\" decoding=\"async\" width=\"300\" height=\"300\" src=\"https:\/\/csmalagasy.org\/wp-content\/uploads\/2022\/02\/basket_masc_equip1-300x300.jpg\" class=\"attachment-woocommerce_thumbnail size-woocommerce_thumbnail\" alt=\"T2D - Inscription Equipe Basket masculin\" srcset=\"https:\/\/csmalagasy.org\/wp-content\/uploads\/2022\/02\/basket_masc_equip1-300x300.jpg 300w, https:\/\/csmalagasy.org\/wp-content\/uploads\/2022\/02\/basket_masc_equip1-150x150.jpg 150w, https:\/\/csmalagasy.org\/wp-content\/uploads\/2022\/02\/basket_masc_equip1-100x100.jpg 100w, https:\/\/csmalagasy.org\/wp-content\/uploads\/2022\/02\/basket_masc_equip1.jpg 500w\" sizes=\"auto, (max-width: 300px) 100vw, 300px\" \/><\/div>\n\t\t\t\t\t<div class=\"wc-block-grid__product-title\">T2D &#8211; Inscription Equipe Basket masculin<\/div>\n\t\t\t\t<\/a>\n\t\t\t\t<div class=\"wc-block-grid__product-price price\"><span class=\"woocommerce-Price-amount amount\">50,00&nbsp;<span class=\"woocommerce-Price-currencySymbol\">&euro;<\/span><\/span><\/div>\n\t\t\t\t\n\t\t\t\t<div class=\"wp-block-button wc-block-grid__product-add-to-cart\"><a href=\"?add-to-cart=89\" aria-label=\"Add to cart: &ldquo;T2D - Inscription Equipe Basket masculin&rdquo;\" data-quantity=\"1\" data-product_id=\"89\" data-product_sku=\"\" data-price=\"50\" rel=\"nofollow\" class=\"wp-block-button__link  add_to_cart_button ajax_add_to_cart\">Add to cart<\/a><\/div>\n\t\t\t<\/li><li class=\"wc-block-grid__product\">\n\t\t\t\t<a href=\"https:\/\/csmalagasy.org\/index.php\/produit\/t2d-joueur-isole-sport-collectifs\/\" class=\"wc-block-grid__product-link\">\n\t\t\t\t\t\n\t\t\t\t\t<div class=\"wc-block-grid__product-image\"><img loading=\"lazy\" decoding=\"async\" width=\"300\" height=\"300\" src=\"https:\/\/csmalagasy.org\/wp-content\/uploads\/2023\/03\/joueurisole-300x300.jpg\" class=\"attachment-woocommerce_thumbnail size-woocommerce_thumbnail\" alt=\"T2D - Joueur isol\u00e9\/supp  - Sport collectifs\" srcset=\"https:\/\/csmalagasy.org\/wp-content\/uploads\/2023\/03\/joueurisole-300x300.jpg 300w, https:\/\/csmalagasy.org\/wp-content\/uploads\/2023\/03\/joueurisole-1024x1024.jpg 1024w, https:\/\/csmalagasy.org\/wp-content\/uploads\/2023\/03\/joueurisole-150x150.jpg 150w, https:\/\/csmalagasy.org\/wp-content\/uploads\/2023\/03\/joueurisole-768x768.jpg 768w, https:\/\/csmalagasy.org\/wp-content\/uploads\/2023\/03\/joueurisole-1536x1536.jpg 1536w, https:\/\/csmalagasy.org\/wp-content\/uploads\/2023\/03\/joueurisole.jpg 2048w, https:\/\/csmalagasy.org\/wp-content\/uploads\/2023\/03\/joueurisole-1320x1320.jpg 1320w, https:\/\/csmalagasy.org\/wp-content\/uploads\/2023\/03\/joueurisole-600x600.jpg 600w, https:\/\/csmalagasy.org\/wp-content\/uploads\/2023\/03\/joueurisole-100x100.jpg 100w\" sizes=\"auto, (max-width: 300px) 100vw, 300px\" \/><\/div>\n\t\t\t\t\t<div class=\"wc-block-grid__product-title\">T2D &#8211; Joueur isol\u00e9\/supp  &#8211; Sport collectifs<\/div>\n\t\t\t\t<\/a>\n\t\t\t\t<div class=\"wc-block-grid__product-price price\"><span class=\"woocommerce-Price-amount amount\">10,00&nbsp;<span class=\"woocommerce-Price-currencySymbol\">&euro;<\/span><\/span><\/div>\n\t\t\t\t\n\t\t\t\t<div class=\"wp-block-button wc-block-grid__product-add-to-cart\"><a href=\"?add-to-cart=1130\" aria-label=\"Add to cart: &ldquo;T2D - Joueur isol\u00e9\/supp  - Sport collectifs&rdquo;\" data-quantity=\"1\" data-product_id=\"1130\" data-product_sku=\"\" data-price=\"10\" rel=\"nofollow\" class=\"wp-block-button__link  add_to_cart_button ajax_add_to_cart\">Add to cart<\/a><\/div>\n\t\t\t<\/li><\/ul><\/div><p class=\"has-medium-font-size\"><strong>Ajout de joueurs suppl\u00e9mentaire, pour compl\u00e9ter une \u00e9quipe d\u00e9j\u00e0 inscrite.<\/strong><\/p>","protected":false},"excerpt":{"rendered":"<p>TOURNOI C.S.M. \u00e9dition 2025 \u00e0 Orl\u00e9ans (Centre Val de Loire) les 07 et 08 Juin 2025 Pour vous inscrire, il faut commander : Cat\u00e9gorie Basket-Ball Ajout de joueurs suppl\u00e9mentaire, pour &hellip; <a href=\"https:\/\/csmalagasy.org\/index.php\/tournoi-csm-2023\/inscriptions-basketball\/\" class=\"more-link\">Read More<\/a><\/p>\n","protected":false},"author":1,"featured_media":0,"parent":953,"menu_order":0,"comment_status":"closed","ping_status":"closed","template":"","meta":{"ngg_post_thumbnail":0,"footnotes":""},"class_list":["post-27","page","type-page","status-publish","hentry","entry"],"jetpack_sharing_enabled":true,"_links":{"self":[{"href":"https:\/\/csmalagasy.org\/index.php\/wp-json\/wp\/v2\/pages\/27","targetHints":{"allow":["GET"]}}],"collection":[{"href":"https:\/\/csmalagasy.org\/index.php\/wp-json\/wp\/v2\/pages"}],"about":[{"href":"https:\/\/csmalagasy.org\/index.php\/wp-json\/wp\/v2\/types\/page"}],"author":[{"embeddable":true,"href":"https:\/\/csmalagasy.org\/index.php\/wp-json\/wp\/v2\/users\/1"}],"replies":[{"embeddable":true,"href":"https:\/\/csmalagasy.org\/index.php\/wp-json\/wp\/v2\/comments?post=27"}],"version-history":[{"count":12,"href":"https:\/\/csmalagasy.org\/index.php\/wp-json\/wp\/v2\/pages\/27\/revisions"}],"predecessor-version":[{"id":1533,"href":"https:\/\/csmalagasy.org\/index.php\/wp-json\/wp\/v2\/pages\/27\/revisions\/1533"}],"up":[{"embeddable":true,"href":"https:\/\/csmalagasy.org\/index.php\/wp-json\/wp\/v2\/pages\/953"}],"wp:attachment":[{"href":"https:\/\/csmalagasy.org\/index.php\/wp-json\/wp\/v2\/media?parent=27"}],"curies":[{"name":"wp","href":"https:\/\/api.w.org\/{rel}","templated":true}]}}