{"id":24,"date":"2025-04-14T23:42:03","date_gmt":"2025-04-14T21:42:03","guid":{"rendered":"http:\/\/csmalagasy.org\/?post_type=product&#038;p=24"},"modified":"2025-04-21T12:58:24","modified_gmt":"2025-04-21T10:58:24","slug":"t2d-inscription-equipe-basket-fille","status":"publish","type":"product","link":"https:\/\/csmalagasy.org\/index.php\/produit\/t2d-inscription-equipe-basket-fille\/","title":{"rendered":"T2D &#8211; Inscription Equipe Basket F\u00e9minin"},"content":{"rendered":"<p><strong>Tournoi C.S.M. 2025<\/strong>&nbsp;\u00e0 <strong>Orl\u00e9ans<\/strong> (Centre Val de Loire)<\/p>\n<p>Pack* de pr\u00e9-inscription d&#8217;une \u00e9quipe de <strong>Basket F\u00e9minin<\/strong><\/p>\n<blockquote><p>Ce pack comprend :&nbsp; 5 licences joueurs<\/p>\n<p>&nbsp;<\/p><\/blockquote>\n<p>Compl\u00e9ter votre \u00e9quipe avec l&#8217;article &#8220;Ajout de joueurs&#8221; associ\u00e9<\/p>\n<p>*Pack non remboursable en cas de d\u00e9sistement.&nbsp;<\/p>\n","protected":false},"excerpt":{"rendered":"<p>Dossier d&#8217;inscription \u00e0 t\u00e9l\u00e9charger \u00e0 la fin de la transaction.<\/p>\n<p>Dossier \u00e0 nous renvoyer compl\u00e9t\u00e9 par mail<\/p>\n","protected":false},"featured_media":25,"template":"","meta":{"ngg_post_thumbnail":0},"product_cat":[16,19],"product_tag":[17],"class_list":{"0":"post-24","1":"product","2":"type-product","3":"status-publish","4":"has-post-thumbnail","6":"product_cat-tournoi-de-la-diaspora","7":"product_cat-t2d-basketball","8":"product_tag-sport-collectif","9":"entry","11":"first","12":"instock","13":"downloadable","14":"virtual","15":"purchasable","16":"product-type-simple"},"jetpack_sharing_enabled":true,"_links":{"self":[{"href":"https:\/\/csmalagasy.org\/index.php\/wp-json\/wp\/v2\/product\/24","targetHints":{"allow":["GET"]}}],"collection":[{"href":"https:\/\/csmalagasy.org\/index.php\/wp-json\/wp\/v2\/product"}],"about":[{"href":"https:\/\/csmalagasy.org\/index.php\/wp-json\/wp\/v2\/types\/product"}],"wp:featuredmedia":[{"embeddable":true,"href":"https:\/\/csmalagasy.org\/index.php\/wp-json\/wp\/v2\/media\/25"}],"wp:attachment":[{"href":"https:\/\/csmalagasy.org\/index.php\/wp-json\/wp\/v2\/media?parent=24"}],"wp:term":[{"taxonomy":"product_cat","embeddable":true,"href":"https:\/\/csmalagasy.org\/index.php\/wp-json\/wp\/v2\/product_cat?post=24"},{"taxonomy":"product_tag","embeddable":true,"href":"https:\/\/csmalagasy.org\/index.php\/wp-json\/wp\/v2\/product_tag?post=24"}],"curies":[{"name":"wp","href":"https:\/\/api.w.org\/{rel}","templated":true}]}}